{"id":56,"date":"2024-03-18T11:58:12","date_gmt":"2024-03-18T11:58:12","guid":{"rendered":"https:\/\/gruposcalabrin.com.br\/?page_id=56"},"modified":"2024-08-25T02:25:01","modified_gmt":"2024-08-25T02:25:01","slug":"formulario","status":"publish","type":"page","link":"https:\/\/gruposcalabrin.com.br\/index.php\/formulario\/","title":{"rendered":"Formulario"},"content":{"rendered":"\t\t<div data-elementor-type=\"wp-page\" data-elementor-id=\"56\" class=\"elementor elementor-56\" data-elementor-post-type=\"page\">\n\t\t\t\t<div class=\"elementor-element elementor-element-75f2296 e-flex e-con-boxed e-con e-parent\" data-id=\"75f2296\" data-element_type=\"container\" data-e-type=\"container\">\n\t\t\t\t\t<div class=\"e-con-inner\">\n\t\t\t\t<div class=\"elementor-element elementor-element-2dc25ff elementor-widget__width-initial elementor-widget-mobile__width-inherit elementor-button-align-stretch elementor-widget elementor-widget-form\" data-id=\"2dc25ff\" data-element_type=\"widget\" data-e-type=\"widget\" data-settings=\"{&quot;step_next_label&quot;:&quot;Pr\\u00f3ximo&quot;,&quot;step_previous_label&quot;:&quot;Anterior&quot;,&quot;step_type&quot;:&quot;none&quot;,&quot;step_icon_shape&quot;:&quot;none&quot;,&quot;button_width&quot;:&quot;100&quot;}\" data-widget_type=\"form.default\">\n\t\t\t\t<div class=\"elementor-widget-container\">\n\t\t\t\t\t\t\t<form class=\"elementor-form\" method=\"post\" id=\"seuFormulario\" name=\"TypeForm\">\n\t\t\t<input type=\"hidden\" name=\"post_id\" value=\"56\"\/>\n\t\t\t<input type=\"hidden\" name=\"form_id\" value=\"2dc25ff\"\/>\n\t\t\t<input type=\"hidden\" name=\"referer_title\" value=\"Formulario\" \/>\n\n\t\t\t\t\t\t\t<input type=\"hidden\" name=\"queried_id\" value=\"56\"\/>\n\t\t\t\n\t\t\t<div class=\"elementor-form-fields-wrapper elementor-labels-\">\n\t\t\t\t\t\t\t\t<div class=\"elementor-field-type-step elementor-field-group elementor-column elementor-field-group-Etapa1 elementor-col-100\">\n\t\t\t\t\t\t\t<div class=\"e-field-step elementor-hidden\" data-label=\"Etapa\" data-previousButton=\"\" data-nextButton=\"\" data-iconUrl=\"\" data-iconLibrary=\"fas fa-star\" data-icon=\"&lt;svg class=&quot;e-font-icon-svg e-fas-star&quot; viewBox=&quot;0 0 576 512&quot; xmlns=&quot;http:\/\/www.w3.org\/2000\/svg&quot;&gt;&lt;path d=&quot;M259.3 17.8L194 150.2 47.9 171.5c-26.2 3.8-36.7 36.1-17.7 54.6l105.7 103-25 145.5c-4.5 26.3 23.2 46 46.4 33.7L288 439.6l130.7 68.7c23.2 12.2 50.9-7.4 46.4-33.7l-25-145.5 105.7-103c19-18.5 8.5-50.8-17.7-54.6L382 150.2 316.7 17.8c-11.7-23.6-45.6-23.9-57.4 0z&quot;&gt;&lt;\/path&gt;&lt;\/svg&gt;\" ><\/div>\n\n\t\t\t\t\t\t<\/div>\n\t\t\t\t\t\t\t\t<div class=\"elementor-field-type-text elementor-field-group elementor-column elementor-field-group-name elementor-col-100 elementor-field-required\">\n\t\t\t\t\t\t\t\t\t\t\t\t\t<input size=\"1\" type=\"text\" name=\"form_fields[name]\" id=\"form-field-name\" class=\"elementor-field elementor-size-lg  elementor-field-textual\" placeholder=\"Nome\" required=\"required\">\n\t\t\t\t\t\t\t\t\t\t\t<\/div>\n\t\t\t\t\t\t\t\t<div class=\"elementor-field-type-email elementor-field-group elementor-column elementor-field-group-email elementor-col-100 elementor-field-required\">\n\t\t\t\t\t\t\t\t\t\t\t\t\t<input size=\"1\" type=\"email\" name=\"form_fields[email]\" id=\"form-field-email\" class=\"elementor-field elementor-size-lg  elementor-field-textual\" placeholder=\"E-mail\" required=\"required\">\n\t\t\t\t\t\t\t\t\t\t\t<\/div>\n\t\t\t\t\t\t\t\t<div class=\"elementor-field-type-text elementor-field-group elementor-column elementor-field-group-telefone elementor-col-100 elementor-field-required\">\n\t\t\t\t\t\t\t\t\t\t\t\t\t<input size=\"1\" type=\"text\" name=\"form_fields[telefone]\" id=\"form-field-telefone\" class=\"elementor-field elementor-size-lg  elementor-field-textual\" placeholder=\"WhatsApp\" required=\"required\">\n\t\t\t\t\t\t\t\t\t\t\t<\/div>\n\t\t\t\t\t\t\t\t<div class=\"elementor-field-type-step elementor-field-group elementor-column elementor-field-group-Etapa2 elementor-col-100\">\n\t\t\t\t\t\t\t<div class=\"e-field-step elementor-hidden\" data-label=\"\" data-previousButton=\"\" data-nextButton=\"\" data-iconUrl=\"\" data-iconLibrary=\"fas fa-star\" data-icon=\"&lt;svg class=&quot;e-font-icon-svg e-fas-star&quot; viewBox=&quot;0 0 576 512&quot; xmlns=&quot;http:\/\/www.w3.org\/2000\/svg&quot;&gt;&lt;path d=&quot;M259.3 17.8L194 150.2 47.9 171.5c-26.2 3.8-36.7 36.1-17.7 54.6l105.7 103-25 145.5c-4.5 26.3 23.2 46 46.4 33.7L288 439.6l130.7 68.7c23.2 12.2 50.9-7.4 46.4-33.7l-25-145.5 105.7-103c19-18.5 8.5-50.8-17.7-54.6L382 150.2 316.7 17.8c-11.7-23.6-45.6-23.9-57.4 0z&quot;&gt;&lt;\/path&gt;&lt;\/svg&gt;\" ><\/div>\n\n\t\t\t\t\t\t<\/div>\n\t\t\t\t\t\t\t\t<div class=\"elementor-field-type-select elementor-field-group elementor-column elementor-field-group-select elementor-col-100 elementor-field-required\">\n\t\t\t\t\t\t\t\t\t\t\t\t<label for=\"form-field-select\" class=\"elementor-field-label elementor-screen-only\">\n\t\t\t\t\t\t\t\tSelecione uma Empresa\t\t\t\t\t\t\t<\/label>\n\t\t\t\t\t\t\t\t<div class=\"elementor-field elementor-select-wrapper remove-before \">\n\t\t\t<div class=\"select-caret-down-wrapper\">\n\t\t\t\t<svg aria-hidden=\"true\" class=\"e-font-icon-svg e-eicon-caret-down\" viewBox=\"0 0 571.4 571.4\" xmlns=\"http:\/\/www.w3.org\/2000\/svg\"><path d=\"M571 393Q571 407 561 418L311 668Q300 679 286 679T261 668L11 418Q0 407 0 393T11 368 36 357H536Q550 357 561 368T571 393Z\"><\/path><\/svg>\t\t\t<\/div>\n\t\t\t<select name=\"form_fields[select]\" id=\"form-field-select\" class=\"elementor-field-textual elementor-size-lg\" required=\"required\">\n\t\t\t\t\t\t\t\t\t<option value=\"\">Selecione uma Empresa<\/option>\n\t\t\t\t\t\t\t\t\t<option value=\"Curriculo-Adria\">Adria Premium Hotel<\/option>\n\t\t\t\t\t\t\t\t\t<option value=\"Curriculo-Amarone\">Amarone Gastronomia<\/option>\n\t\t\t\t\t\t\t\t\t<option value=\"Curriculo-Scalabrin\">Banco de Talentos<\/option>\n\t\t\t\t\t\t\t\t\t<option value=\"Curriculo-Gesla\">Gesla Isolamentos<\/option>\n\t\t\t\t\t\t\t\t\t<option name=\"form_fields[select]\" id=\"form-field-select\" class=\"elementor-field-textual elementor-size-lg\" required=\"required\" value=\"Curriculo-Guara\">Guar\u00e1 Batatas<\/option>\n\t\t\t\t\t\t\t\t\t<option value=\"Curriculo-Scalabrin\">Grupo Scalabrin<\/option>\n\t\t\t\t\t\t\t\t\t<option value=\"Curriculo-Luminni\">Luminni Motel<\/option>\n\t\t\t\t\t\t\t\t\t<option value=\"Curriculo-Protec\">Mega Protec<\/option>\n\t\t\t\t\t\t\t<\/select>\n\t\t<\/div>\n\t\t\t\t\t\t<\/div>\n\t\t\t\t\t\t\t\t<div class=\"elementor-field-type-step elementor-field-group elementor-column elementor-field-group-Etapa3 elementor-col-100\">\n\t\t\t\t\t\t\t<div class=\"e-field-step elementor-hidden\" data-label=\"Etapa\" data-previousButton=\"\" data-nextButton=\"\" data-iconUrl=\"\" data-iconLibrary=\"fas fa-star\" data-icon=\"&lt;svg class=&quot;e-font-icon-svg e-fas-star&quot; viewBox=&quot;0 0 576 512&quot; xmlns=&quot;http:\/\/www.w3.org\/2000\/svg&quot;&gt;&lt;path d=&quot;M259.3 17.8L194 150.2 47.9 171.5c-26.2 3.8-36.7 36.1-17.7 54.6l105.7 103-25 145.5c-4.5 26.3 23.2 46 46.4 33.7L288 439.6l130.7 68.7c23.2 12.2 50.9-7.4 46.4-33.7l-25-145.5 105.7-103c19-18.5 8.5-50.8-17.7-54.6L382 150.2 316.7 17.8c-11.7-23.6-45.6-23.9-57.4 0z&quot;&gt;&lt;\/path&gt;&lt;\/svg&gt;\" ><\/div>\n\n\t\t\t\t\t\t<\/div>\n\t\t\t\t\t\t\t\t<div class=\"elementor-field-type-text elementor-field-group elementor-column elementor-field-group-AreaAtuacao elementor-col-100 elementor-field-required\">\n\t\t\t\t\t\t\t\t\t\t\t\t\t<input size=\"1\" type=\"text\" name=\"form_fields[AreaAtuacao]\" id=\"form-field-AreaAtuacao\" class=\"elementor-field elementor-size-lg  elementor-field-textual\" placeholder=\"\u00c1rea de Atua\u00e7\u00e3o\" required=\"required\">\n\t\t\t\t\t\t\t\t\t\t\t<\/div>\n\t\t\t\t\t\t\t\t<div class=\"elementor-field-type-upload elementor-field-group elementor-column elementor-field-group-field_e8c5eb9 elementor-col-100 elementor-field-required\">\n\t\t\t\t\t\t\t<input type=\"file\" name=\"form_fields[field_e8c5eb9]\" id=\"form-field-field_e8c5eb9\" class=\"elementor-field elementor-size-lg  elementor-upload-field\" required=\"required\" data-maxsize=\"2\" data-maxsize-message=\"Esse arquivo excede o tamanho m\u00e1ximo permitido.\">\n\n\t\t\t\t\t\t<\/div>\n\t\t\t\t\t\t\t\t<div class=\"elementor-field-group elementor-column elementor-field-type-submit elementor-col-100 e-form__buttons\">\n\t\t\t\t\t<button class=\"elementor-button elementor-size-sm\" type=\"submit\" id=\"botao\">\n\t\t\t\t\t\t<span class=\"elementor-button-content-wrapper\">\n\t\t\t\t\t\t\t\t\t\t\t\t\t\t\t\t\t\t\t\t\t\t<span class=\"elementor-button-text\">Enviar<\/span>\n\t\t\t\t\t\t\t\t\t\t\t\t\t<\/span>\n\t\t\t\t\t<\/button>\n\t\t\t\t<\/div>\n\t\t\t<\/div>\n\t\t<\/form>\n\t\t\t\t\t\t<\/div>\n\t\t\t\t<\/div>\n\t\t\t\t<div class=\"elementor-element elementor-element-dcb0348 elementor-widget elementor-widget-html\" data-id=\"dcb0348\" data-element_type=\"widget\" data-e-type=\"widget\" data-widget_type=\"html.default\">\n\t\t\t\t<div class=\"elementor-widget-container\">\n\t\t\t\t\t<script type=\"text\/javascript\">\n\/* M\u00e1scaras ER *\/\nfunction mascara(o, f) {\n  v_obj = o;\n  v_fun = f;\n  setTimeout(\"execmascara()\", 1);\n}\n\nfunction execmascara() {\n  v_obj.value = v_fun(v_obj.value);\n}\n\nfunction mtel(v) {\n  var formattedNumber = v.replace(\/\\D\/g, \"\"); \/\/ Remove tudo o que n\u00e3o \u00e9 d\u00edgito\n\n  if (formattedNumber.length >= 2 && formattedNumber.length <= 10) {\n    \/\/ Formato brasileiro antigo (XX) XXXX-XXXX\n    formattedNumber = \"(\" + formattedNumber.substring(0, 2) + \") \" + formattedNumber.substring(2, 6) + \"-\" + formattedNumber.substring(6);\n  } else if (formattedNumber.length === 11 && formattedNumber.startsWith(\"1\")) {\n    \/\/ Formato americano (XXX) XXX-XXXX\n    formattedNumber = \"(\" + formattedNumber.substring(0, 3) + \") \" + formattedNumber.substring(3, 6) + \"-\" + formattedNumber.substring(6);\n  } else if (formattedNumber.length >= 11) {\n    \/\/ Formato brasileiro novo (XX) XXXXX-XXXX\n    formattedNumber = \"(\" + formattedNumber.substring(0, 2) + \") \" + formattedNumber.substring(2, 7) + \"-\" + formattedNumber.substring(7);\n  }\n\n  return formattedNumber;\n}\n\nfunction id(el) {\n  return document.getElementById(el);\n}\n\nwindow.onload = function() {\n  var telefone = document.querySelectorAll('.elementor-form input[name=\"form_fields[telefone]\"]');\n\n  for (var i = 0; i < telefone.length; i++) {\n    telefone[i].setAttribute('pattern', '.{14,}');\n    telefone[i].setAttribute('maxlength', 15);\n    telefone[i].oninput = function(e) {\n      if (e.inputType === \"deleteContentBackward\" || e.inputType === \"deleteContentForward\") {\n        \/\/ Permite exclus\u00e3o de caracteres, incluindo os s\u00edmbolos especiais (-, (, ))\n        return;\n      }\n      mascara(this, mtel);\n    }\n  }\n}\n<\/script>\t\t\t\t<\/div>\n\t\t\t\t<\/div>\n\t\t\t\t\t<\/div>\n\t\t\t\t<\/div>\n\t\t\t\t<\/div>\n\t\t","protected":false},"excerpt":{"rendered":"","protected":false},"author":1,"featured_media":0,"parent":0,"menu_order":0,"comment_status":"closed","ping_status":"closed","template":"elementor_canvas","meta":{"footnotes":""},"class_list":["post-56","page","type-page","status-publish","hentry"],"_links":{"self":[{"href":"https:\/\/gruposcalabrin.com.br\/index.php\/wp-json\/wp\/v2\/pages\/56","targetHints":{"allow":["GET"]}}],"collection":[{"href":"https:\/\/gruposcalabrin.com.br\/index.php\/wp-json\/wp\/v2\/pages"}],"about":[{"href":"https:\/\/gruposcalabrin.com.br\/index.php\/wp-json\/wp\/v2\/types\/page"}],"author":[{"embeddable":true,"href":"https:\/\/gruposcalabrin.com.br\/index.php\/wp-json\/wp\/v2\/users\/1"}],"replies":[{"embeddable":true,"href":"https:\/\/gruposcalabrin.com.br\/index.php\/wp-json\/wp\/v2\/comments?post=56"}],"version-history":[{"count":265,"href":"https:\/\/gruposcalabrin.com.br\/index.php\/wp-json\/wp\/v2\/pages\/56\/revisions"}],"predecessor-version":[{"id":400,"href":"https:\/\/gruposcalabrin.com.br\/index.php\/wp-json\/wp\/v2\/pages\/56\/revisions\/400"}],"wp:attachment":[{"href":"https:\/\/gruposcalabrin.com.br\/index.php\/wp-json\/wp\/v2\/media?parent=56"}],"curies":[{"name":"wp","href":"https:\/\/api.w.org\/{rel}","templated":true}]}}